{"id":607,"date":"2016-09-13T15:08:23","date_gmt":"2016-09-13T19:08:23","guid":{"rendered":"http:\/\/simon.wps.dev\/fr\/lenders-associates\/"},"modified":"2017-01-14T22:51:49","modified_gmt":"2017-01-15T03:51:49","slug":"lenders-associates","status":"publish","type":"page","link":"https:\/\/mrmortgage.ca\/fr\/about\/lenders-associates\/","title":{"rendered":"Pr\u00eateurs et Partenaires"},"content":{"rendered":"<blockquote><p>Nous sommes fiers d\u2019affirmer que nous pensons offrir la meilleure valeur hypoth\u00e9caire du march\u00e9.<\/p><\/blockquote>\n<p><a href=\"http:\/\/productline.dominionlending.ca\/\" target=\"_blank\">Cliquez ici pour en savoir plus sur notre gamme exclusive de produits et pour visiter notre site d&#8217;information.<\/a><\/p>\n<h2>Pr\u00eateurs<\/h2>\n<p>Les courtiers hypoth\u00e9caires et en cr\u00e9dits-bails des Centres hypoth\u00e9caires Dominion magasinent aupr\u00e8s de 15 banques, coop\u00e9ratives de cr\u00e9dit et soci\u00e9t\u00e9s fiduciaires afin de satisfaire \u00e0 vos besoins de financement. Nous rechercherons des centaines de produits afin de trouver la meilleure solution hypoth\u00e9caire et de cr\u00e9dit-bail, faite selon vos besoins.<\/p>\n","protected":false},"excerpt":{"rendered":"<p>Les Centres hypoth\u00e9caires Dominion ont travaill\u00e9 afin de cr\u00e9er une gamme de produits hypoth\u00e9caires internes qui satisfera la plupart des Canadiens.<\/p>\n","protected":false},"author":1,"featured_media":532,"parent":626,"menu_order":0,"comment_status":"closed","ping_status":"closed","template":"","meta":[],"yoast_head":"<!-- This site is optimized with the Yoast SEO plugin v17.1 - https:\/\/yoast.com\/wordpress\/plugins\/seo\/ -->\n<meta name=\"description\" content=\"Get a quote on a Mortgage from Dominion Lending Centres Top Producers\" \/>\n<meta name=\"robots\" content=\"index, follow, max-snippet:-1, max-image-preview:large, max-video-preview:-1\" \/>\n<link rel=\"canonical\" href=\"https:\/\/mrmortgage.ca\/fr\/about\/lenders-associates\/\" \/>\n<meta property=\"og:locale\" content=\"fr_FR\" \/>\n<meta property=\"og:type\" content=\"article\" \/>\n<meta property=\"og:title\" content=\"Pr\u00eateurs et Partenaires - Centres Hypoth\u00e9caires Dominion\" \/>\n<meta property=\"og:description\" content=\"Get a quote on a Mortgage from Dominion Lending Centres Top Producers\" \/>\n<meta property=\"og:url\" content=\"https:\/\/mrmortgage.ca\/fr\/about\/lenders-associates\/\" \/>\n<meta property=\"og:site_name\" content=\"Centres Hypoth\u00e9caires Dominion\" \/>\n<meta property=\"article:modified_time\" content=\"2017-01-15T03:51:49+00:00\" \/>\n<meta property=\"og:image\" content=\"https:\/\/mrmortgage.ca\/wp-content\/uploads\/2016\/09\/lenders_associates.jpg\" \/>\n\t<meta property=\"og:image:width\" content=\"1200\" \/>\n\t<meta property=\"og:image:height\" content=\"611\" \/>\n<meta name=\"twitter:card\" content=\"summary\" \/>\n<script type=\"application\/ld+json\" class=\"yoast-schema-graph\">{\"@context\":\"https:\/\/schema.org\",\"@graph\":[{\"@type\":\"WebSite\",\"@id\":\"https:\/\/mrmortgage.ca\/#website\",\"url\":\"https:\/\/mrmortgage.ca\/\",\"name\":\"Centres Hypoth\\u00e9caires Dominion\",\"description\":\"Just another WordPress site\",\"potentialAction\":[{\"@type\":\"SearchAction\",\"target\":{\"@type\":\"EntryPoint\",\"urlTemplate\":\"https:\/\/mrmortgage.ca\/?s={search_term_string}\"},\"query-input\":\"required name=search_term_string\"}],\"inLanguage\":\"fr-FR\"},{\"@type\":\"ImageObject\",\"@id\":\"https:\/\/mrmortgage.ca\/fr\/about\/lenders-associates\/#primaryimage\",\"inLanguage\":\"fr-FR\",\"url\":\"https:\/\/mrmortgage.ca\/wp-content\/uploads\/2016\/09\/lenders_associates.jpg\",\"contentUrl\":\"https:\/\/mrmortgage.ca\/wp-content\/uploads\/2016\/09\/lenders_associates.jpg\",\"width\":1200,\"height\":611},{\"@type\":\"WebPage\",\"@id\":\"https:\/\/mrmortgage.ca\/fr\/about\/lenders-associates\/#webpage\",\"url\":\"https:\/\/mrmortgage.ca\/fr\/about\/lenders-associates\/\",\"name\":\"Pr\\u00eateurs et Partenaires - Centres Hypoth\\u00e9caires Dominion\",\"isPartOf\":{\"@id\":\"https:\/\/mrmortgage.ca\/#website\"},\"primaryImageOfPage\":{\"@id\":\"https:\/\/mrmortgage.ca\/fr\/about\/lenders-associates\/#primaryimage\"},\"datePublished\":\"2016-09-13T19:08:23+00:00\",\"dateModified\":\"2017-01-15T03:51:49+00:00\",\"description\":\"Get a quote on a Mortgage from Dominion Lending Centres Top Producers\",\"breadcrumb\":{\"@id\":\"https:\/\/mrmortgage.ca\/fr\/about\/lenders-associates\/#breadcrumb\"},\"inLanguage\":\"fr-FR\",\"potentialAction\":[{\"@type\":\"ReadAction\",\"target\":[\"https:\/\/mrmortgage.ca\/fr\/about\/lenders-associates\/\"]}]},{\"@type\":\"BreadcrumbList\",\"@id\":\"https:\/\/mrmortgage.ca\/fr\/about\/lenders-associates\/#breadcrumb\",\"itemListElement\":[{\"@type\":\"ListItem\",\"position\":1,\"name\":\"Home\",\"item\":\"https:\/\/mrmortgage.ca\/fr\/\"},{\"@type\":\"ListItem\",\"position\":2,\"name\":\"Master About\",\"item\":\"https:\/\/mrmortgage.ca\/fr\/about\/\"},{\"@type\":\"ListItem\",\"position\":3,\"name\":\"Pr\\u00eateurs et Partenaires\"}]}]}<\/script>\n<!-- \/ Yoast SEO plugin. -->","yoast_head_json":{"description":"Get a quote on a Mortgage from Dominion Lending Centres Top Producers","robots":{"index":"index","follow":"follow","max-snippet":"max-snippet:-1","max-image-preview":"max-image-preview:large","max-video-preview":"max-video-preview:-1"},"canonical":"https:\/\/mrmortgage.ca\/fr\/about\/lenders-associates\/","og_locale":"fr_FR","og_type":"article","og_title":"Pr\u00eateurs et Partenaires - Centres Hypoth\u00e9caires Dominion","og_description":"Get a quote on a Mortgage from Dominion Lending Centres Top Producers","og_url":"https:\/\/mrmortgage.ca\/fr\/about\/lenders-associates\/","og_site_name":"Centres Hypoth\u00e9caires Dominion","article_modified_time":"2017-01-15T03:51:49+00:00","og_image":[{"width":1200,"height":611,"url":"https:\/\/mrmortgage.ca\/wp-content\/uploads\/2016\/09\/lenders_associates.jpg","path":"\/var\/www\/sites\/wps\/sites\/code\/wp-content\/uploads\/2016\/09\/lenders_associates.jpg","size":"full","id":532,"alt":"","pixels":733200,"type":"image\/jpeg"}],"twitter_card":"summary","schema":{"@context":"https:\/\/schema.org","@graph":[{"@type":"WebSite","@id":"https:\/\/mrmortgage.ca\/#website","url":"https:\/\/mrmortgage.ca\/","name":"Centres Hypoth\u00e9caires Dominion","description":"Just another WordPress site","potentialAction":[{"@type":"SearchAction","target":{"@type":"EntryPoint","urlTemplate":"https:\/\/mrmortgage.ca\/?s={search_term_string}"},"query-input":"required name=search_term_string"}],"inLanguage":"fr-FR"},{"@type":"ImageObject","@id":"https:\/\/mrmortgage.ca\/fr\/about\/lenders-associates\/#primaryimage","inLanguage":"fr-FR","url":"https:\/\/mrmortgage.ca\/wp-content\/uploads\/2016\/09\/lenders_associates.jpg","contentUrl":"https:\/\/mrmortgage.ca\/wp-content\/uploads\/2016\/09\/lenders_associates.jpg","width":1200,"height":611},{"@type":"WebPage","@id":"https:\/\/mrmortgage.ca\/fr\/about\/lenders-associates\/#webpage","url":"https:\/\/mrmortgage.ca\/fr\/about\/lenders-associates\/","name":"Pr\u00eateurs et Partenaires - Centres Hypoth\u00e9caires Dominion","isPartOf":{"@id":"https:\/\/mrmortgage.ca\/#website"},"primaryImageOfPage":{"@id":"https:\/\/mrmortgage.ca\/fr\/about\/lenders-associates\/#primaryimage"},"datePublished":"2016-09-13T19:08:23+00:00","dateModified":"2017-01-15T03:51:49+00:00","description":"Get a quote on a Mortgage from Dominion Lending Centres Top Producers","breadcrumb":{"@id":"https:\/\/mrmortgage.ca\/fr\/about\/lenders-associates\/#breadcrumb"},"inLanguage":"fr-FR","potentialAction":[{"@type":"ReadAction","target":["https:\/\/mrmortgage.ca\/fr\/about\/lenders-associates\/"]}]},{"@type":"BreadcrumbList","@id":"https:\/\/mrmortgage.ca\/fr\/about\/lenders-associates\/#breadcrumb","itemListElement":[{"@type":"ListItem","position":1,"name":"Home","item":"https:\/\/mrmortgage.ca\/fr\/"},{"@type":"ListItem","position":2,"name":"Master About","item":"https:\/\/mrmortgage.ca\/fr\/about\/"},{"@type":"ListItem","position":3,"name":"Pr\u00eateurs et Partenaires"}]}]}},"_links":{"self":[{"href":"https:\/\/mrmortgage.ca\/fr\/wp-json\/wp\/v2\/pages\/607"}],"collection":[{"href":"https:\/\/mrmortgage.ca\/fr\/wp-json\/wp\/v2\/pages"}],"about":[{"href":"https:\/\/mrmortgage.ca\/fr\/wp-json\/wp\/v2\/types\/page"}],"author":[{"embeddable":true,"href":"https:\/\/mrmortgage.ca\/fr\/wp-json\/wp\/v2\/users\/1"}],"replies":[{"embeddable":true,"href":"https:\/\/mrmortgage.ca\/fr\/wp-json\/wp\/v2\/comments?post=607"}],"version-history":[{"count":2,"href":"https:\/\/mrmortgage.ca\/fr\/wp-json\/wp\/v2\/pages\/607\/revisions"}],"predecessor-version":[{"id":923,"href":"https:\/\/mrmortgage.ca\/fr\/wp-json\/wp\/v2\/pages\/607\/revisions\/923"}],"up":[{"embeddable":true,"href":"https:\/\/mrmortgage.ca\/fr\/wp-json\/wp\/v2\/pages\/626"}],"wp:featuredmedia":[{"embeddable":true,"href":"https:\/\/mrmortgage.ca\/fr\/wp-json\/wp\/v2\/media\/532"}],"wp:attachment":[{"href":"https:\/\/mrmortgage.ca\/fr\/wp-json\/wp\/v2\/media?parent=607"}],"curies":[{"name":"wp","href":"https:\/\/api.w.org\/{rel}","templated":true}]}}